{"id":112,"date":"2022-08-26T11:45:09","date_gmt":"2022-08-26T11:45:09","guid":{"rendered":"https:\/\/www.ravintoarto.fi\/home\/?page_id=112"},"modified":"2024-03-14T19:43:08","modified_gmt":"2024-03-14T19:43:08","slug":"kuvaaja","status":"publish","type":"page","link":"https:\/\/www.ravintoarto.fi\/home\/?page_id=112","title":{"rendered":"Valmentaja"},"content":{"rendered":"\n<p>Hei! <br>Olen Arto Hiltunen -70 luvun loppupuolella Lieksassa syntynyt ravintovalmentaja.<br>Olen ty\u00f6skennellyt ruuan ja ruokailun parissa yli 30 vuotta ja ravinnon merkitykseen hyvinvoinnissa olen perehtynyt yli 15 vuotta. <\/p>\n\n\n\n<p>Ravinto Arto on toiminut vuodesta 2018<\/p>\n\n\n\n<p>Minulla on ravitsemukseen liittyv\u00e4\u00e4 koulutusta ja olen toiminut mm. l\u00e4hihoitajaopiskelijoiden ravitsemusopettajana ammattiopistossa.<\/p>\n\n\n\n<p>Olen my\u00f6s toiminut itse omana koekaniinina ja minulla on yli 100 kg kokemus painon pudottamisesta erilaisilla tekniikoilla. \ud83d\ude42<br>Minulla on my\u00f6s kokemusta kilpaurheilijoiden ravinnosta ja sen merkityksest\u00e4 kehitykseen sek\u00e4 palautumiseen.<\/p>\n\n\n\n<p>Teen valmennuksia niin yksil\u00f6ille kuin ryhm\u00e4valmennuksina.<\/p>\n\n\n\n<p>Valmennus tehd\u00e4\u00e4n aina vakavissaan mutta ei vakavasti \ud83d\ude42<\/p>\n\n\n<div class=\"wp-block-image is-style-default\">\n<figure class=\"aligncenter size-large is-resized\"><a href=\"https:\/\/www.ravintoarto.fi\/home\/wp-content\/uploads\/2024\/03\/6R2A8638-Edit-1-scaled.jpg\"><img loading=\"lazy\" decoding=\"async\" width=\"691\" height=\"1024\" src=\"https:\/\/www.ravintoarto.fi\/home\/wp-content\/uploads\/2024\/03\/6R2A8638-Edit-1-691x1024.jpg\" alt=\"\" class=\"wp-image-192\" style=\"width:317px;height:auto\" srcset=\"https:\/\/www.ravintoarto.fi\/home\/wp-content\/uploads\/2024\/03\/6R2A8638-Edit-1-691x1024.jpg 691w, https:\/\/www.ravintoarto.fi\/home\/wp-content\/uploads\/2024\/03\/6R2A8638-Edit-1-203x300.jpg 203w, https:\/\/www.ravintoarto.fi\/home\/wp-content\/uploads\/2024\/03\/6R2A8638-Edit-1-768x1138.jpg 768w, https:\/\/www.ravintoarto.fi\/home\/wp-content\/uploads\/2024\/03\/6R2A8638-Edit-1-1037x1536.jpg 1037w, https:\/\/www.ravintoarto.fi\/home\/wp-content\/uploads\/2024\/03\/6R2A8638-Edit-1-1383x2048.jpg 1383w, https:\/\/www.ravintoarto.fi\/home\/wp-content\/uploads\/2024\/03\/6R2A8638-Edit-1-scaled.jpg 1728w\" sizes=\"auto, (max-width: 691px) 100vw, 691px\" \/><\/a><\/figure>\n<\/div>","protected":false},"excerpt":{"rendered":"<p>Hei! Olen Arto Hiltunen -70 luvun loppupuolella Lieksassa syntynyt ravintovalmentaja.Olen ty\u00f6skennellyt ruuan ja ruokailun parissa yli 30 vuotta ja ravinnon merkitykseen hyvinvoinnissa olen perehtynyt yli 15 vuotta. Ravinto Arto on toiminut vuodesta 2018 Minulla on ravitsemukseen liittyv\u00e4\u00e4 koulutusta ja olen toiminut mm.<\/p>\n<p class=\"link-more\"><a class=\"myButt \" href=\"https:\/\/www.ravintoarto.fi\/home\/?page_id=112\">Read More<\/a><\/p>\n","protected":false},"author":1,"featured_media":0,"parent":0,"menu_order":0,"comment_status":"closed","ping_status":"closed","template":"","meta":{"footnotes":""},"class_list":["post-112","page","type-page","status-publish","hentry"],"_links":{"self":[{"href":"https:\/\/www.ravintoarto.fi\/home\/index.php?rest_route=\/wp\/v2\/pages\/112","targetHints":{"allow":["GET"]}}],"collection":[{"href":"https:\/\/www.ravintoarto.fi\/home\/index.php?rest_route=\/wp\/v2\/pages"}],"about":[{"href":"https:\/\/www.ravintoarto.fi\/home\/index.php?rest_route=\/wp\/v2\/types\/page"}],"author":[{"embeddable":true,"href":"https:\/\/www.ravintoarto.fi\/home\/index.php?rest_route=\/wp\/v2\/users\/1"}],"replies":[{"embeddable":true,"href":"https:\/\/www.ravintoarto.fi\/home\/index.php?rest_route=%2Fwp%2Fv2%2Fcomments&post=112"}],"version-history":[{"count":6,"href":"https:\/\/www.ravintoarto.fi\/home\/index.php?rest_route=\/wp\/v2\/pages\/112\/revisions"}],"predecessor-version":[{"id":193,"href":"https:\/\/www.ravintoarto.fi\/home\/index.php?rest_route=\/wp\/v2\/pages\/112\/revisions\/193"}],"wp:attachment":[{"href":"https:\/\/www.ravintoarto.fi\/home\/index.php?rest_route=%2Fwp%2Fv2%2Fmedia&parent=112"}],"curies":[{"name":"wp","href":"https:\/\/api.w.org\/{rel}","templated":true}]}}